{"id":17848,"date":"2018-06-06T12:03:56","date_gmt":"2018-06-06T10:03:56","guid":{"rendered":"http:\/\/www.smartliving.cat\/?page_id=17848"},"modified":"2022-01-14T22:44:46","modified_gmt":"2022-01-14T20:44:46","slug":"rgpd-es","status":"publish","type":"page","link":"http:\/\/www.smartliving.cat\/es\/rgpd-es\/","title":{"rendered":"rgpd"},"content":{"rendered":"<section class=\"l-section wpb_row height_medium\"><div class=\"l-section-h i-cf\"><div class=\"g-cols vc_row via_grid cols_1-2-1 laptops-cols_inherit tablets-cols_inherit mobiles-cols_1 valign_top type_default stacking_default\"><div class=\"wpb_column vc_column_container\"><div class=\"vc_column-inner\"><div class=\"w-separator mapa-web size_small\"><\/div><\/div><\/div><div class=\"wpb_column vc_column_container\"><div class=\"vc_column-inner\"><div class=\"wpb_text_column\"><div class=\"wpb_wrapper\"><h2 style=\"text-align: left\">Nos importa tu privacidat, por eso te pedimos tu consentimiento<\/h2>\n<\/div><\/div><div class=\"w-tabs style_default switch_click accordion type_togglable has_scrolling\" style=\"--sections-title-size:16px\"><div class=\"w-tabs-sections titles-align_right icon_chevron cpos_right\"><div class=\"w-tabs-section\" id=\"n2d1\"><button class=\"w-tabs-section-header\" aria-controls=\"content-n2d1\" aria-expanded=\"false\"><h2 class=\"w-tabs-section-title\">Nuestra politica de privacitat<\/h2><div class=\"w-tabs-section-control\"><\/div><\/button><div  class=\"w-tabs-section-content\" id=\"content-n2d1\"><div class=\"w-tabs-section-content-h i-cf\"><div class=\"wpb_text_column\"><div class=\"wpb_wrapper\"><p><strong>\u00bfQui\u00e9n es el responsable del tratamiento de sus datos?<\/strong><\/p>\n<p>El responsable ser\u00e1 SMARTLIVING BARCELONA, S.L., con CIF: B66453622 y direcci\u00f3n social situada en C. GUILLEM MARCONI, 29, CP: 08787 de LA POBLA DE CLARAMUNT.<\/p>\n<p>EMPRESA tiene designado un Delegado de Protecci\u00f3n de Datos (DPO), ante el que podr\u00e1 acudir para plantear cualquier cuesti\u00f3n relativa al tratamiento de sus datos de car\u00e1cter personal, dirigi\u00e9ndose por carta a SMARTLIVING BARCELONA, S.L., C. GUILLEM MARCONI, 29, 08787, LA POBLA DE CLARAMUNT a la atenci\u00f3n de Responsable de Protecci\u00f3n de Datos o por mail a info@smartliving.cat con el asunto &#8220;Responsable Protecci\u00f3n de Datos&#8221;.<\/p>\n<p><strong>\u00bfQu\u00e9 datos solicitamos y con qu\u00e9 finalidad los tratamos?<\/strong><\/p>\n<p>Los datos que nos facilita en el formulario el cual incluye, entre otros, datos identificativos (como su nombre) y de contacto (mail, tel\u00e9fono) son necesarios para la correcta tramitaci\u00f3n de su consulta, as\u00ed como datos generados como consecuencia de la navegaci\u00f3n.<\/p>\n<p>Es el interesado quien, a trav\u00e9s del formulario, nos facilita sus datos de contacto con las siguientes finalidades:<\/p>\n<ul>\n<li>Gestionar su solicitud de informaci\u00f3n y cualquier otra que se pueda derivar de la misma.<\/li>\n<li>Remitir informaci\u00f3n comercial y sobre productos e inmuebles que puedan ser de su inter\u00e9s.<\/li>\n<\/ul>\n<p>Es necesario que complete del formulario aquellos campos marcados con (*) en caso contrario, no se podr\u00e1 llevar a cabo el tr\u00e1mite interesado.<\/p>\n<p><strong>\u00bfCu\u00e1l es la legitimaci\u00f3n del tratamiento de los datos?<\/strong><\/p>\n<p>El desarrollo de su propia solicitud de informaci\u00f3n nos permite tratar sus datos exclusivamente para este fin.<\/p>\n<p><strong>\u00bfA qui\u00e9n comunicamos sus datos?<\/strong><\/p>\n<p>S\u00f3lo comunicaremos sus datos a aquellos proveedores y entidades que precise para la prestaci\u00f3n del servicio interesado o a las que, en previsi\u00f3n de las disposiciones legales que le son de aplicaci\u00f3n, est\u00e9 obligado a facilitar informaci\u00f3n. No est\u00e1 previsto que se realicen Transferencias Internacionales de Datos.<\/p>\n<p><strong>\u00bfCu\u00e1l es el tiempo de conservaci\u00f3n de sus datos?<\/strong><\/p>\n<p>Los datos personales obtenidos para la tramitaci\u00f3n y gesti\u00f3n de la solicitud ser\u00e1n conservados durante el per\u00edodo de tiempo en que se est\u00e9 tramitando y gestionando su solicitud de informaci\u00f3n. En cualquier caso, se informa al interesado que sus datos podr\u00e1n conservarse bloqueados durante los plazos marcados por la legislaci\u00f3n vigente respecto al ejercicio de cualquier reclamaci\u00f3n que podamos recibir.<\/p>\n<p>Si la finalidad del contacto es comercial, sus datos ser\u00e1n conservados hasta el momento en que revoque su consentimiento.<\/p>\n<p><strong>\u00bfCu\u00e1les son sus derechos respecto a sus datos?<\/strong><\/p>\n<p>La normativa de protecci\u00f3n de datos confiere al interesado los siguientes derechos:<\/p>\n<ul>\n<li>Derecho de acceso: Conocer qu\u00e9 tipo de datos estamos tratando y las caracter\u00edsticas del tratamiento que estamos llevando a cabo.<\/li>\n<li>Derecho de rectificaci\u00f3n: Poder solicitar la modificaci\u00f3n de sus datos por ser \u00e9stos inexactos o no veraces.<\/li>\n<li>Derecho de portabilidad: Poder obtener una copia en un formato interoperable de los datos que est\u00e9n siendo tratados.<\/li>\n<li>Derecho a la limitaci\u00f3n del tratamiento en los casos recogidos en la Ley.<\/li>\n<li>Derecho a oponerse a la toma de decisiones automatizadas.<\/li>\n<li>Derecho de supresi\u00f3n: Solicitar la supresi\u00f3n de sus datos cuando el tratamiento ya no resulte necesario.<\/li>\n<li>Derecho de oposici\u00f3n: Solicitar el cese en el env\u00edo de comunicaciones comerciales en los t\u00e9rminos antes se\u00f1alados.<\/li>\n<li>Derecho a revocar el consentimiento prestado.<\/li>\n<\/ul>\n<p>En cualquier caso, podr\u00e1 ejercitar cualquier reclamaci\u00f3n que considere oportuna respecto al tratamiento de sus datos acudiendo a la Agencia Espa\u00f1ola de Protecci\u00f3n de Datos (www.agpd.es) o dirigi\u00e9ndose a nuestro Responsable de Protecci\u00f3n de Datos a trav\u00e9s de los datos de contacto indicados anteriormente.<\/p>\n<\/div><\/div><\/div><\/div><\/div><\/div><\/div><div class=\"w-separator size_small\"><\/div><div class=\"g-cols wpb_row via_grid cols_1 laptops-cols_inherit tablets-cols_inherit mobiles-cols_1 valign_top type_default stacking_default\" style=\"--gap:3rem;\"><div class=\"wpb_column vc_column_container\"><div class=\"vc_column-inner\"><div class=\"wpb_text_column\"><div class=\"wpb_wrapper\"><p>Estoy de acuerdo con los t\u00e9rminos y condiciones<\/p>\n<\/div><\/div><form class=\"w-form  layout_ver for_cform us_form_1\" autocomplete=\"off\" action=\"http:\/\/www.smartliving.cat\/es\/es\/wp-json\/wp\/v2\/pages\/17848\" method=\"post\" data-trp-original-action=\"http:\/\/www.smartliving.cat\/es\/es\/wp-json\/wp\/v2\/pages\/17848\"><div class=\"w-form-h\"><div class=\"w-form-row for_text required with_icon\">\r\n\t\t<div class=\"w-form-row-field\">\r\n\t\t\t\t<i class=\"far fa-user\"><\/i>\t\t<input aria-label=\"Nombre\" type=\"text\" name=\"us_form_1_text_1\" value placeholder=\"Nombre *\" data-required=\"true\" aria-required=\"true\"\/>\r\n\t\t\t<\/div>\r\n\t\t<div class=\"w-form-row-state\">Rellena este campo<\/div>\r\n<\/div>\r\n<div class=\"w-form-row for_text required with_icon\">\r\n\t\t<div class=\"w-form-row-field\">\r\n\t\t\t\t<i class=\"far fa-envelope\"><\/i>\t\t<input aria-label=\"Correo electr\u00f3nico\" type=\"text\" name=\"us_form_1_text_2\" value placeholder=\"Correo electr\u00f3nico *\" data-required=\"true\" aria-required=\"true\"\/>\r\n\t\t\t<\/div>\r\n\t\t<div class=\"w-form-row-state\">Rellena este campo<\/div>\r\n<\/div>\r\n<input type=\"hidden\" name=\"action\" value=\"us_ajax_cform\" \/>\r\n<input type=\"hidden\" name=\"post_id\" value=\"0\" \/>\r\n<input type=\"hidden\" name=\"form_index\" value=\"1\" \/>\r\n<div class=\"w-form-row for_submit align_none\">\r\n\t<button class=\"w-btn  us-btn-style_1\" aria-label=\"enviar\" type=\"submit\" style=\"font-size:28px;\">\r\n\t\t<span class=\"g-preloader type_1\"><\/span>\r\n\t\t\t\t<span class=\"w-btn-label\">enviar<\/span>\r\n\t\t\t<\/button>\r\n\t<\/div>\r\n<\/div><div class=\"w-form-message\"><\/div><div class=\"w-form-json hidden\" onclick='return {&quot;ajaxurl&quot;:&quot;http:\\\/\\\/www.smartliving.cat\\\/wp-admin\\\/admin-ajax.php&quot;,&quot;messages&quot;:{&quot;err_empty&quot;:&quot;Rellena este campo&quot;,&quot;err_size&quot;:&quot;El tama\\u00f1o del archivo no puede exceder %s MB&quot;,&quot;err_extension&quot;:&quot;El tipo de archivo %s no est\\u00e1 permitido&quot;}}'><\/div><input type=\"hidden\" name=\"trp-form-language\" value=\"es\"\/><\/form><div class=\"w-separator size_small\"><\/div><\/div><\/div><\/div><\/div><\/div><div class=\"wpb_column vc_column_container\"><div class=\"vc_column-inner\"><div class=\"w-separator mapa-web size_small\"><\/div><\/div><\/div><\/div><\/div><\/section>","protected":false},"excerpt":{"rendered":"","protected":false},"author":1,"featured_media":0,"parent":0,"menu_order":0,"comment_status":"closed","ping_status":"closed","template":"","meta":{"_acf_changed":false,"footnotes":""},"class_list":["post-17848","page","type-page","status-publish","hentry"],"acf":[],"_links":{"self":[{"href":"http:\/\/www.smartliving.cat\/es\/wp-json\/wp\/v2\/pages\/17848","targetHints":{"allow":["GET"]}}],"collection":[{"href":"http:\/\/www.smartliving.cat\/es\/wp-json\/wp\/v2\/pages"}],"about":[{"href":"http:\/\/www.smartliving.cat\/es\/wp-json\/wp\/v2\/types\/page"}],"author":[{"embeddable":true,"href":"http:\/\/www.smartliving.cat\/es\/wp-json\/wp\/v2\/users\/1"}],"replies":[{"embeddable":true,"href":"http:\/\/www.smartliving.cat\/es\/wp-json\/wp\/v2\/comments?post=17848"}],"version-history":[{"count":10,"href":"http:\/\/www.smartliving.cat\/es\/wp-json\/wp\/v2\/pages\/17848\/revisions"}],"predecessor-version":[{"id":34231,"href":"http:\/\/www.smartliving.cat\/es\/wp-json\/wp\/v2\/pages\/17848\/revisions\/34231"}],"wp:attachment":[{"href":"http:\/\/www.smartliving.cat\/es\/wp-json\/wp\/v2\/media?parent=17848"}],"curies":[{"name":"wp","href":"https:\/\/api.w.org\/{rel}","templated":true}]}}