{"id":37974,"date":"2023-03-16T12:52:49","date_gmt":"2023-03-16T10:52:49","guid":{"rendered":"https:\/\/www.smartliving.cat\/?page_id=37974"},"modified":"2025-06-27T13:50:43","modified_gmt":"2025-06-27T11:50:43","slug":"smartliving-catalogue-fusto-esp","status":"publish","type":"page","link":"http:\/\/www.smartliving.cat\/es\/smartliving-catalogue-fusto-esp\/","title":{"rendered":"smartliving.CATALOGUE-FUSTO.esp"},"content":{"rendered":"<section class=\"l-section wpb_row height_auto\"><div class=\"l-section-h i-cf\"><div class=\"g-cols vc_row via_grid cols_1 laptops-cols_inherit tablets-cols_inherit mobiles-cols_1 valign_top type_default stacking_default\"><div class=\"wpb_column vc_column_container\"><div class=\"vc_column-inner\"><div class=\"g-cols wpb_row mapa-web hide_on_mobiles via_grid cols_1 laptops-cols_inherit tablets-cols_inherit mobiles-cols_1 valign_top type_default stacking_default\" style=\"--gap:3rem;\" id=\"pc\"><div class=\"wpb_column vc_column_container\"><div class=\"vc_column-inner\"><div class=\"w-tabs us_custom_7d5e32d4 layout_hor style_default switch_click has_scrolling\" style=\"--sections-title-size:12px\"><div class=\"w-tabs-list items_1 align_justify\"><div class=\"w-tabs-list-h\"><button class=\"w-tabs-item active\" aria-controls=\"content-1504598193792-cb683cb5-f686\" aria-expanded=\"false\"><span class=\"w-tabs-item-title\">Anchura solar<\/span><\/button><\/div><\/div><div class=\"w-tabs-sections titles-align_none icon_chevron cpos_right\"><div class=\"w-tabs-section no_indents active\" id=\"1504598193792-cb683cb5-f686\"><button class=\"w-tabs-section-header active\" aria-controls=\"content-1504598193792-cb683cb5-f686\" aria-expanded=\"true\"><div class=\"w-tabs-section-title\">Anchura solar<\/div><div class=\"w-tabs-section-control\"><\/div><\/button><div  class=\"w-tabs-section-content\" id=\"content-1504598193792-cb683cb5-f686\"><div class=\"w-tabs-section-content-h i-cf\"><div class=\"w-grid type_grid layout_31109 cols_4 ratio_3x2\" id=\"us_grid_1\" style=\"--gap:4px;\" data-filterable=\"true\"><style>@media (min-width:1024px){#us_grid_1 .w-post-elm.post_title{font-size:0!important}}.layout_31109 .w-grid-item-h:before{padding-bottom:66.6667%}@media (min-width:0px){.layout_31109 .w-grid-item.size_1x2 .w-grid-item-h:before{padding-bottom:calc(133.3333% + var(--gap,0px) * 2)}.layout_31109 .w-grid-item.size_2x1 .w-grid-item-h:before{padding-bottom:calc(33.3333% - var(--gap,0px) * 0.6667)}.layout_31109 .w-grid-item.size_2x2 .w-grid-item-h:before{padding-bottom:calc(66.6667% - var(--gap,0px) * -0.6666)}}.layout_31109 .w-grid-item-h{background:var(--color-header-transparent-text);color:var(--color-content-text)}.layout_31109 .usg_post_image_1{transition-duration:0.3s;transform-origin:50% 50%;transform:scale(1) translate(0%,0%)}.layout_31109 .w-grid-item-h:hover .usg_post_image_1{transform:scale(1) translate(0%,-10%);opacity:1}.layout_31109 .usg_vwrapper_1{transition-duration:0.3s;transform-origin:50% 50%;transform:scale(1) translate(0%,101%)}.layout_31109 .w-grid-item-h:hover .usg_vwrapper_1{transform:scale(1) translate(0%,0%);opacity:1}.layout_31109 .usg_post_custom_field_1{transition-duration:0.3s;transform-origin:50% 50%;transform:scale(1) translate(0%,100%)}.layout_31109 .w-grid-item-h:hover .usg_post_custom_field_1{transform:scale(1) translate(0%,0%);opacity:1}.layout_31109 .usg_post_image_1{position:absolute!important;left:0!important;top:0!important;bottom:0!important;right:0!important}.layout_31109 .usg_vwrapper_1{position:absolute!important;right:0!important;bottom:-1px!important;left:0!important;background:inherit!important;padding:1.2rem 1.5rem 1.2rem 1.5rem!important}.layout_31109 .usg_post_title_1{font-size:0!important;line-height:0!important;letter-spacing:0!important;margin-bottom:0.3rem!important}.layout_31109 .usg_post_custom_field_1{position:absolute!important;left:0!important;top:0!important;bottom:0!important;right:0!important}.layout_31109 .usg_post_taxonomy_1{font-size:0!important;line-height:0!important;letter-spacing:0!important}@media (min-width:1025px) and (max-width:1280px){.layout_31109 .usg_post_image_1{position:absolute!important;left:0!important;top:0!important;bottom:0!important;right:0!important}.layout_31109 .usg_vwrapper_1{position:absolute!important;right:0!important;bottom:-1px!important;left:0!important;background:inherit!important;padding:1.2rem 1.5rem 1.2rem 1.5rem!important}.layout_31109 .usg_post_title_1{font-size:0!important;line-height:0!important;letter-spacing:0!important;margin-bottom:0.3rem!important}.layout_31109 .usg_post_custom_field_1{position:absolute!important;left:0!important;top:0!important;bottom:0!important;right:0!important}.layout_31109 .usg_post_taxonomy_1{font-size:0!important;line-height:0!important;letter-spacing:0!important}}@media (min-width:601px) and (max-width:1024px){.layout_31109 .usg_post_image_1{position:absolute!important;left:0!important;top:0!important;bottom:0!important;right:0!important}.layout_31109 .usg_vwrapper_1{position:absolute!important;right:0!important;bottom:-1px!important;left:0!important;background:inherit!important;padding:1.2rem 1.5rem 1.2rem 1.5rem!important}.layout_31109 .usg_post_title_1{font-size:0!important;line-height:0!important;letter-spacing:0!important;margin-bottom:0.3rem!important}.layout_31109 .usg_post_custom_field_1{position:absolute!important;left:0!important;top:0!important;bottom:0!important;right:0!important}.layout_31109 .usg_post_taxonomy_1{font-size:0!important;line-height:0!important;letter-spacing:0!important}}@media (max-width:600px){.layout_31109 .usg_post_image_1{position:absolute!important;left:0!important;top:0!important;bottom:0!important;right:0!important}.layout_31109 .usg_vwrapper_1{position:absolute!important;right:0!important;bottom:-1px!important;left:0!important;background:inherit!important;padding:1.2rem 1.5rem 1.2rem 1.5rem!important}.layout_31109 .usg_post_title_1{font-size:0!important;line-height:0!important;letter-spacing:0!important;margin-bottom:0.3rem!important}.layout_31109 .usg_post_custom_field_1{position:absolute!important;left:0!important;top:0!important;bottom:0!important;right:0!important}.layout_31109 .usg_post_taxonomy_1{font-size:0!important;line-height:0!important;letter-spacing:0!important}}<\/style><div class=\"w-grid-list\">\t<article class=\"w-grid-item size_1x1 post-37979 us_portfolio type-us_portfolio status-publish has-post-thumbnail hentry us_portfolio_category-12-esp-fusto\" data-id=\"37979\">\r\n\t\t<div class=\"w-grid-item-h\">\r\n\t\t\t\t\t\t<div class=\"w-post-elm post_image usg_post_image_1 stretched\"><a href=\"http:\/\/www.smartliving.cat\/es\/portfolio\/fusto-12-2\/\" aria-label=\"fusto-12\"><img fetchpriority=\"high\" decoding=\"async\" width=\"500\" height=\"284\" src=\"http:\/\/www.smartliving.cat\/wp-content\/uploads\/2023\/03\/FUSTO-00-12E-IMG-M.jpg\" class=\"attachment-large size-large wp-post-image\" alt=\"\" srcset=\"http:\/\/www.smartliving.cat\/wp-content\/uploads\/2023\/03\/FUSTO-00-12E-IMG-M.jpg 500w, http:\/\/www.smartliving.cat\/wp-content\/uploads\/2023\/03\/FUSTO-00-12E-IMG-M-300x170.jpg 300w\" sizes=\"(max-width: 500px) 100vw, 500px\" \/><\/a><\/div><div class=\"w-vwrapper usg_vwrapper_1 grid_arrow_top align_center valign_top\"><h2 class=\"w-post-elm post_title usg_post_title_1 entry-title color_link_inherit\">fusto-12<\/h2><div class=\"w-post-elm post_taxonomy usg_post_taxonomy_1 style_simple color_link_inherit\"><span class=\"term-2021 term-12-esp-fusto\">&gt;12<\/span><\/div><\/div>\t\t<\/div>\r\n\t<\/article>\r\n\t<article class=\"w-grid-item size_1x1 post-37981 us_portfolio type-us_portfolio status-publish has-post-thumbnail hentry us_portfolio_category-12-esp-fusto\" data-id=\"37981\">\r\n\t\t<div class=\"w-grid-item-h\">\r\n\t\t\t\t\t\t<div class=\"w-post-elm post_image usg_post_image_1 stretched\"><a href=\"http:\/\/www.smartliving.cat\/es\/portfolio\/fusto-00-01-sluu1108l36-2\/\" aria-label=\"fusto-00-01-SLUU1108L+36\"><img decoding=\"async\" width=\"1024\" height=\"582\" src=\"http:\/\/www.smartliving.cat\/wp-content\/uploads\/2023\/03\/FUSTO-00-01-SLUU1108L36-M-1024x582.jpg\" class=\"attachment-large size-large wp-post-image\" alt=\"\" srcset=\"http:\/\/www.smartliving.cat\/wp-content\/uploads\/2023\/03\/FUSTO-00-01-SLUU1108L36-M-1024x582.jpg 1024w, http:\/\/www.smartliving.cat\/wp-content\/uploads\/2023\/03\/FUSTO-00-01-SLUU1108L36-M-300x171.jpg 300w, http:\/\/www.smartliving.cat\/wp-content\/uploads\/2023\/03\/FUSTO-00-01-SLUU1108L36-M-600x341.jpg 600w, http:\/\/www.smartliving.cat\/wp-content\/uploads\/2023\/03\/FUSTO-00-01-SLUU1108L36-M-768x437.jpg 768w, http:\/\/www.smartliving.cat\/wp-content\/uploads\/2023\/03\/FUSTO-00-01-SLUU1108L36-M.jpg 1688w\" sizes=\"(max-width: 1024px) 100vw, 1024px\" \/><\/a><\/div><div class=\"w-vwrapper usg_vwrapper_1 grid_arrow_top align_center valign_top\"><h2 class=\"w-post-elm post_title usg_post_title_1 entry-title color_link_inherit\">fusto-00-01-SLUU1108L+36<\/h2><div class=\"w-post-elm post_taxonomy usg_post_taxonomy_1 style_simple color_link_inherit\"><span class=\"term-2021 term-12-esp-fusto\">&gt;12<\/span><\/div><\/div>\t\t<\/div>\r\n\t<\/article>\r\n\t<article class=\"w-grid-item size_1x1 post-37983 us_portfolio type-us_portfolio status-publish has-post-thumbnail hentry us_portfolio_category-12-esp-fusto\" data-id=\"37983\">\r\n\t\t<div class=\"w-grid-item-h\">\r\n\t\t\t\t\t\t<div class=\"w-post-elm post_image usg_post_image_1 stretched\"><a href=\"http:\/\/www.smartliving.cat\/es\/portfolio\/fusto-00-02-sluu1108l36-2\/\" aria-label=\"fusto-00-02-SLUU1108L+36\"><img decoding=\"async\" width=\"1024\" height=\"582\" src=\"http:\/\/www.smartliving.cat\/wp-content\/uploads\/2023\/03\/FUSTO-00-02-SLUU1108L36-M-1024x582.jpg\" class=\"attachment-large size-large wp-post-image\" alt=\"\" srcset=\"http:\/\/www.smartliving.cat\/wp-content\/uploads\/2023\/03\/FUSTO-00-02-SLUU1108L36-M-1024x582.jpg 1024w, http:\/\/www.smartliving.cat\/wp-content\/uploads\/2023\/03\/FUSTO-00-02-SLUU1108L36-M-300x171.jpg 300w, http:\/\/www.smartliving.cat\/wp-content\/uploads\/2023\/03\/FUSTO-00-02-SLUU1108L36-M-600x341.jpg 600w, http:\/\/www.smartliving.cat\/wp-content\/uploads\/2023\/03\/FUSTO-00-02-SLUU1108L36-M-768x437.jpg 768w, http:\/\/www.smartliving.cat\/wp-content\/uploads\/2023\/03\/FUSTO-00-02-SLUU1108L36-M.jpg 1688w\" sizes=\"(max-width: 1024px) 100vw, 1024px\" \/><\/a><\/div><div class=\"w-vwrapper usg_vwrapper_1 grid_arrow_top align_center valign_top\"><h2 class=\"w-post-elm post_title usg_post_title_1 entry-title color_link_inherit\">fusto-00-02-SLUU1108L+36<\/h2><div class=\"w-post-elm post_taxonomy usg_post_taxonomy_1 style_simple color_link_inherit\"><span class=\"term-2021 term-12-esp-fusto\">&gt;12<\/span><\/div><\/div>\t\t<\/div>\r\n\t<\/article>\r\n<\/div><div class=\"w-grid-preloader\">\t<div class=\"g-preloader type_1\">\r\n\t\t<div><\/div>\r\n\t<\/div>\r\n\t<\/div>\t<div class=\"w-grid-json hidden\" onclick='return {&quot;action&quot;:&quot;us_ajax_grid&quot;,&quot;ajax_url&quot;:&quot;http:\\\/\\\/www.smartliving.cat\\\/wp-admin\\\/admin-ajax.php&quot;,&quot;infinite_scroll&quot;:0,&quot;max_num_pages&quot;:1,&quot;pagination&quot;:&quot;none&quot;,&quot;template_vars&quot;:{&quot;columns&quot;:&quot;4&quot;,&quot;exclude_items&quot;:&quot;none&quot;,&quot;img_size&quot;:&quot;default&quot;,&quot;ignore_items_size&quot;:0,&quot;items_layout&quot;:&quot;31109&quot;,&quot;items_offset&quot;:&quot;1&quot;,&quot;load_animation&quot;:&quot;none&quot;,&quot;overriding_link&quot;:&quot;{\\&quot;url\\&quot;:\\&quot;\\&quot;}&quot;,&quot;post_id&quot;:0,&quot;query_args&quot;:{&quot;post_type&quot;:[&quot;us_portfolio&quot;],&quot;tax_query&quot;:[{&quot;taxonomy&quot;:&quot;us_portfolio_category&quot;,&quot;field&quot;:&quot;slug&quot;,&quot;terms&quot;:[&quot;12-cat&quot;,&quot;15-cat&quot;,&quot;18-cat&quot;,&quot;24-cat&quot;,&quot;12-esp-fusto&quot;]}],&quot;post_status&quot;:[&quot;publish&quot;,&quot;acf-disabled&quot;],&quot;posts_per_page&quot;:999},&quot;orderby_query_args&quot;:{&quot;orderby&quot;:{&quot;date&quot;:&quot;DESC&quot;}},&quot;type&quot;:&quot;grid&quot;,&quot;us_grid_ajax_index&quot;:1,&quot;us_grid_filter_params&quot;:[],&quot;us_grid_index&quot;:1,&quot;_us_grid_post_type&quot;:&quot;us_portfolio&quot;,&quot;page_args&quot;:[]}}'><\/div>\r\n\t<\/div><\/div><\/div><\/div><\/div><\/div><div class=\"w-separator size_medium\"><\/div><\/div><\/div><\/div><div class=\"g-cols wpb_row mapa-phone hide_on_default hide_on_laptops hide_on_tablets via_grid cols_1 laptops-cols_inherit tablets-cols_inherit mobiles-cols_1 valign_top type_default stacking_default\" style=\"--gap:3rem;\" id=\"smartphone\"><div class=\"wpb_column vc_column_container\"><div class=\"vc_column-inner\"><div class=\"w-tabs us_custom_7d5e32d4 style_default switch_click accordion type_togglable has_scrolling\" style=\"--sections-title-size:10px\"><div class=\"w-tabs-sections titles-align_none icon_chevron cpos_right\"><div class=\"w-tabs-section no_indents active\" id=\"1504698305469-848bec7c-dbd4\"><button class=\"w-tabs-section-header active\" aria-controls=\"content-1504698305469-848bec7c-dbd4\" aria-expanded=\"true\"><div class=\"w-tabs-section-title\">Anchura solar<\/div><div class=\"w-tabs-section-control\"><\/div><\/button><div  class=\"w-tabs-section-content\" id=\"content-1504698305469-848bec7c-dbd4\"><div class=\"w-tabs-section-content-h i-cf\"><div class=\"w-grid type_grid layout_31109 ratio_3x2\" id=\"us_grid_2\" style=\"--gap:4px;\" data-filterable=\"true\"><style>@media (min-width:1024px){#us_grid_2 .w-post-elm.post_title{font-size:0!important}}<\/style><div class=\"w-grid-list\">\t<article class=\"w-grid-item size_1x1 post-37979 us_portfolio type-us_portfolio status-publish has-post-thumbnail hentry us_portfolio_category-12-esp-fusto\" data-id=\"37979\">\r\n\t\t<div class=\"w-grid-item-h\">\r\n\t\t\t\t\t\t<div class=\"w-post-elm post_image usg_post_image_1 stretched\"><a href=\"http:\/\/www.smartliving.cat\/es\/portfolio\/fusto-12-2\/\" aria-label=\"fusto-12\"><img fetchpriority=\"high\" decoding=\"async\" width=\"500\" height=\"284\" src=\"http:\/\/www.smartliving.cat\/wp-content\/uploads\/2023\/03\/FUSTO-00-12E-IMG-M.jpg\" class=\"attachment-large size-large wp-post-image\" alt=\"\" srcset=\"http:\/\/www.smartliving.cat\/wp-content\/uploads\/2023\/03\/FUSTO-00-12E-IMG-M.jpg 500w, http:\/\/www.smartliving.cat\/wp-content\/uploads\/2023\/03\/FUSTO-00-12E-IMG-M-300x170.jpg 300w\" sizes=\"(max-width: 500px) 100vw, 500px\" \/><\/a><\/div><div class=\"w-vwrapper usg_vwrapper_1 grid_arrow_top align_center valign_top\"><h2 class=\"w-post-elm post_title usg_post_title_1 entry-title color_link_inherit\">fusto-12<\/h2><div class=\"w-post-elm post_taxonomy usg_post_taxonomy_1 style_simple color_link_inherit\"><span class=\"term-2021 term-12-esp-fusto\">&gt;12<\/span><\/div><\/div>\t\t<\/div>\r\n\t<\/article>\r\n\t<article class=\"w-grid-item size_1x1 post-37981 us_portfolio type-us_portfolio status-publish has-post-thumbnail hentry us_portfolio_category-12-esp-fusto\" data-id=\"37981\">\r\n\t\t<div class=\"w-grid-item-h\">\r\n\t\t\t\t\t\t<div class=\"w-post-elm post_image usg_post_image_1 stretched\"><a href=\"http:\/\/www.smartliving.cat\/es\/portfolio\/fusto-00-01-sluu1108l36-2\/\" aria-label=\"fusto-00-01-SLUU1108L+36\"><img decoding=\"async\" width=\"1024\" height=\"582\" src=\"http:\/\/www.smartliving.cat\/wp-content\/uploads\/2023\/03\/FUSTO-00-01-SLUU1108L36-M-1024x582.jpg\" class=\"attachment-large size-large wp-post-image\" alt=\"\" srcset=\"http:\/\/www.smartliving.cat\/wp-content\/uploads\/2023\/03\/FUSTO-00-01-SLUU1108L36-M-1024x582.jpg 1024w, http:\/\/www.smartliving.cat\/wp-content\/uploads\/2023\/03\/FUSTO-00-01-SLUU1108L36-M-300x171.jpg 300w, http:\/\/www.smartliving.cat\/wp-content\/uploads\/2023\/03\/FUSTO-00-01-SLUU1108L36-M-600x341.jpg 600w, http:\/\/www.smartliving.cat\/wp-content\/uploads\/2023\/03\/FUSTO-00-01-SLUU1108L36-M-768x437.jpg 768w, http:\/\/www.smartliving.cat\/wp-content\/uploads\/2023\/03\/FUSTO-00-01-SLUU1108L36-M.jpg 1688w\" sizes=\"(max-width: 1024px) 100vw, 1024px\" \/><\/a><\/div><div class=\"w-vwrapper usg_vwrapper_1 grid_arrow_top align_center valign_top\"><h2 class=\"w-post-elm post_title usg_post_title_1 entry-title color_link_inherit\">fusto-00-01-SLUU1108L+36<\/h2><div class=\"w-post-elm post_taxonomy usg_post_taxonomy_1 style_simple color_link_inherit\"><span class=\"term-2021 term-12-esp-fusto\">&gt;12<\/span><\/div><\/div>\t\t<\/div>\r\n\t<\/article>\r\n\t<article class=\"w-grid-item size_1x1 post-37983 us_portfolio type-us_portfolio status-publish has-post-thumbnail hentry us_portfolio_category-12-esp-fusto\" data-id=\"37983\">\r\n\t\t<div class=\"w-grid-item-h\">\r\n\t\t\t\t\t\t<div class=\"w-post-elm post_image usg_post_image_1 stretched\"><a href=\"http:\/\/www.smartliving.cat\/es\/portfolio\/fusto-00-02-sluu1108l36-2\/\" aria-label=\"fusto-00-02-SLUU1108L+36\"><img decoding=\"async\" width=\"1024\" height=\"582\" src=\"http:\/\/www.smartliving.cat\/wp-content\/uploads\/2023\/03\/FUSTO-00-02-SLUU1108L36-M-1024x582.jpg\" class=\"attachment-large size-large wp-post-image\" alt=\"\" srcset=\"http:\/\/www.smartliving.cat\/wp-content\/uploads\/2023\/03\/FUSTO-00-02-SLUU1108L36-M-1024x582.jpg 1024w, http:\/\/www.smartliving.cat\/wp-content\/uploads\/2023\/03\/FUSTO-00-02-SLUU1108L36-M-300x171.jpg 300w, http:\/\/www.smartliving.cat\/wp-content\/uploads\/2023\/03\/FUSTO-00-02-SLUU1108L36-M-600x341.jpg 600w, http:\/\/www.smartliving.cat\/wp-content\/uploads\/2023\/03\/FUSTO-00-02-SLUU1108L36-M-768x437.jpg 768w, http:\/\/www.smartliving.cat\/wp-content\/uploads\/2023\/03\/FUSTO-00-02-SLUU1108L36-M.jpg 1688w\" sizes=\"(max-width: 1024px) 100vw, 1024px\" \/><\/a><\/div><div class=\"w-vwrapper usg_vwrapper_1 grid_arrow_top align_center valign_top\"><h2 class=\"w-post-elm post_title usg_post_title_1 entry-title color_link_inherit\">fusto-00-02-SLUU1108L+36<\/h2><div class=\"w-post-elm post_taxonomy usg_post_taxonomy_1 style_simple color_link_inherit\"><span class=\"term-2021 term-12-esp-fusto\">&gt;12<\/span><\/div><\/div>\t\t<\/div>\r\n\t<\/article>\r\n<\/div><div class=\"w-grid-preloader\">\t<div class=\"g-preloader type_1\">\r\n\t\t<div><\/div>\r\n\t<\/div>\r\n\t<\/div>\t<div class=\"w-grid-json hidden\" onclick='return {&quot;action&quot;:&quot;us_ajax_grid&quot;,&quot;ajax_url&quot;:&quot;http:\\\/\\\/www.smartliving.cat\\\/wp-admin\\\/admin-ajax.php&quot;,&quot;infinite_scroll&quot;:0,&quot;max_num_pages&quot;:1,&quot;pagination&quot;:&quot;none&quot;,&quot;template_vars&quot;:{&quot;columns&quot;:&quot;1&quot;,&quot;exclude_items&quot;:&quot;none&quot;,&quot;img_size&quot;:&quot;default&quot;,&quot;ignore_items_size&quot;:0,&quot;items_layout&quot;:&quot;31109&quot;,&quot;items_offset&quot;:&quot;1&quot;,&quot;load_animation&quot;:&quot;none&quot;,&quot;overriding_link&quot;:&quot;{\\&quot;url\\&quot;:\\&quot;\\&quot;}&quot;,&quot;post_id&quot;:0,&quot;query_args&quot;:{&quot;post_type&quot;:[&quot;us_portfolio&quot;],&quot;tax_query&quot;:[{&quot;taxonomy&quot;:&quot;us_portfolio_category&quot;,&quot;field&quot;:&quot;slug&quot;,&quot;terms&quot;:[&quot;12-cat&quot;,&quot;15-cat&quot;,&quot;18-cat&quot;,&quot;24-cat&quot;,&quot;12-esp-fusto&quot;]}],&quot;post_status&quot;:[&quot;publish&quot;,&quot;acf-disabled&quot;],&quot;posts_per_page&quot;:999},&quot;orderby_query_args&quot;:{&quot;orderby&quot;:{&quot;date&quot;:&quot;DESC&quot;}},&quot;type&quot;:&quot;grid&quot;,&quot;us_grid_ajax_index&quot;:2,&quot;us_grid_filter_params&quot;:[],&quot;us_grid_index&quot;:2,&quot;_us_grid_post_type&quot;:&quot;us_portfolio&quot;,&quot;page_args&quot;:[]}}'><\/div>\r\n\t<\/div><\/div><\/div><\/div><\/div><\/div><\/div><\/div><\/div><div class=\"g-cols wpb_row via_grid cols_1-3 laptops-cols_inherit tablets-cols_inherit mobiles-cols_1 valign_top type_default stacking_default\" style=\"--gap:3rem;\"><div class=\"wpb_column vc_column_container\"><div class=\"vc_column-inner\"><div class=\"w-separator none size_small\"><\/div><\/div><\/div><div class=\"wpb_column vc_column_container\"><div class=\"vc_column-inner\"><div class=\"wpb_text_column\"><div class=\"wpb_wrapper\"><h2>&gt;smartFUST\u00d3<\/h2>\n<\/div><\/div><div class=\"wpb_text_column\"><div class=\"wpb_wrapper\"><h6 style=\"text-align: justify;\">SmartFUST\u00d3 es una selecci\u00f3n de 9 casas de nuestro cat\u00e1logo general en que tanto el tama\u00f1o, distribuci\u00f3n, el ahorro energ\u00e9tico y precio es \u00f3ptimo respecto los m2 construidos. Tienen unas cualidades cerradas y las fabricamos de seis en seis. Est\u00e1n ordenadas seg\u00fan anchuras de solar 12, 15, 18 y 24. Y todo cliente que lleve a un amigo tendr\u00e1 un descuento adicional en su compra de un 2,5%<\/h6>\n<\/div><\/div><\/div><\/div><\/div><div class=\"w-separator size_medium\"><\/div><\/div><\/div><\/div><\/div><\/section>","protected":false},"excerpt":{"rendered":"","protected":false},"author":1,"featured_media":0,"parent":0,"menu_order":0,"comment_status":"closed","ping_status":"closed","template":"","meta":{"_acf_changed":false,"footnotes":""},"class_list":["post-37974","page","type-page","status-publish","hentry"],"acf":[],"_links":{"self":[{"href":"http:\/\/www.smartliving.cat\/es\/wp-json\/wp\/v2\/pages\/37974","targetHints":{"allow":["GET"]}}],"collection":[{"href":"http:\/\/www.smartliving.cat\/es\/wp-json\/wp\/v2\/pages"}],"about":[{"href":"http:\/\/www.smartliving.cat\/es\/wp-json\/wp\/v2\/types\/page"}],"author":[{"embeddable":true,"href":"http:\/\/www.smartliving.cat\/es\/wp-json\/wp\/v2\/users\/1"}],"replies":[{"embeddable":true,"href":"http:\/\/www.smartliving.cat\/es\/wp-json\/wp\/v2\/comments?post=37974"}],"version-history":[{"count":5,"href":"http:\/\/www.smartliving.cat\/es\/wp-json\/wp\/v2\/pages\/37974\/revisions"}],"predecessor-version":[{"id":38616,"href":"http:\/\/www.smartliving.cat\/es\/wp-json\/wp\/v2\/pages\/37974\/revisions\/38616"}],"wp:attachment":[{"href":"http:\/\/www.smartliving.cat\/es\/wp-json\/wp\/v2\/media?parent=37974"}],"curies":[{"name":"wp","href":"https:\/\/api.w.org\/{rel}","templated":true}]}}