{"id":6142,"date":"2016-05-17T08:31:49","date_gmt":"2016-05-17T08:31:49","guid":{"rendered":"http:\/\/www.smartliving.cat\/?page_id=6142"},"modified":"2022-01-14T22:48:38","modified_gmt":"2022-01-14T20:48:38","slug":"adhoc-es","status":"publish","type":"page","link":"https:\/\/www.smartliving.cat\/es\/adhoc-es\/","title":{"rendered":"smartliving.ADHOC.cast"},"content":{"rendered":"<section class=\"l-section wpb_row height_medium\"><div class=\"l-section-h i-cf\"><div class=\"g-cols vc_row via_grid cols_2-1 laptops-cols_inherit tablets-cols_inherit mobiles-cols_1 valign_top type_default stacking_default\"><div class=\"wpb_column vc_column_container\"><div class=\"vc_column-inner\"><div class=\"w-slider style_none fit_scaledown\"><div class=\"w-slider-h\"><div class=\"royalSlider\"><div class=\"rsContent\"><a class=\"rsImg\" data-rsw=\"1000\" data-rsh=\"707\" href=\"https:\/\/www.smartliving.cat\/wp-content\/uploads\/2016\/05\/SC-SL2180-F0.png\"><span data-alt=\"SmartLiving - casa prefabricada hormigon precio\"><\/span><\/a><\/div><div class=\"rsContent\"><a class=\"rsImg\" data-rsw=\"1000\" data-rsh=\"707\" href=\"https:\/\/www.smartliving.cat\/wp-content\/uploads\/2016\/05\/SC-SL2195-F0.png\"><span data-alt=\"SmartLiving - casa modular hormigon\"><\/span><\/a><\/div><div class=\"rsContent\"><a class=\"rsImg\" data-rsw=\"1000\" data-rsh=\"707\" href=\"https:\/\/www.smartliving.cat\/wp-content\/uploads\/2016\/05\/SC-SLA2165-F0.png\"><span data-alt=\"SmartLiving - casa prefabricada hormigon\"><\/span><\/a><\/div><div class=\"rsContent\"><a class=\"rsImg\" data-rsw=\"1000\" data-rsh=\"707\" href=\"https:\/\/www.smartliving.cat\/wp-content\/uploads\/2016\/05\/SC-SLB1151-F0.png\"><span data-alt=\"\"><\/span><\/a><\/div><div class=\"rsContent\"><a class=\"rsImg\" data-rsw=\"1000\" data-rsh=\"707\" href=\"https:\/\/www.smartliving.cat\/wp-content\/uploads\/2016\/05\/SC-SLB2144-F0.png\"><span data-alt=\"\"><\/span><\/a><\/div><div class=\"rsContent\"><a class=\"rsImg\" data-rsw=\"1000\" data-rsh=\"707\" href=\"https:\/\/www.smartliving.cat\/wp-content\/uploads\/2016\/05\/SC-SLB2210-F0.png\"><span data-alt=\"\"><\/span><\/a><\/div><\/div><img loading=\"lazy\" decoding=\"async\" src=\"https:\/\/www.smartliving.cat\/wp-content\/uploads\/2016\/05\/SC-SL2180-F0.png\" width=\"1000\" height=\"707\" alt=\"SmartLiving - casa prefabricada hormigon precio\"><\/div><div class=\"w-slider-json\" onclick='return {&quot;autoScaleSlider&quot;:true,&quot;loop&quot;:true,&quot;fadeInLoadedSlide&quot;:false,&quot;slidesSpacing&quot;:0,&quot;imageScalePadding&quot;:0,&quot;numImagesToPreload&quot;:2,&quot;arrowsNav&quot;:true,&quot;arrowsNavAutoHide&quot;:false,&quot;transitionType&quot;:&quot;move&quot;,&quot;transitionSpeed&quot;:250,&quot;block&quot;:{&quot;moveEffect&quot;:&quot;none&quot;,&quot;speed&quot;:300},&quot;thumbs&quot;:{&quot;fitInViewport&quot;:false},&quot;controlNavigation&quot;:&quot;none&quot;,&quot;imageScaleMode&quot;:&quot;fit-if-smaller&quot;,&quot;autoScaleSliderWidth&quot;:1000,&quot;autoScaleSliderHeight&quot;:707}'><\/div><\/div><\/div><\/div><div class=\"wpb_column vc_column_container\"><div class=\"vc_column-inner\"><div class=\"wpb_text_column\"><div class=\"wpb_wrapper\"><p style=\"text-align: justify;\">SmartLiving ofrece este apartado para dar la posibilidad de dise\u00f1ar la casa modular de hormig\u00f3n a medida, fuera de las tipolog\u00edas est\u00e1ndard, siguendo pero con el mismo sistema de piezas prefabricadas y manteniendo el precio\/m2 i los 3 meses de plazo de ejecuci\u00f3n.<\/p>\n<\/div><\/div><div class=\"wpb_text_column\"><div class=\"wpb_wrapper\"><h5 style=\"text-align: justify;\"><span style=\"color: #000000;\">Requerimientos:<\/span><\/h5>\n<\/div><\/div><div class=\"wpb_text_column\"><div class=\"wpb_wrapper\"><p style=\"text-align: justify;\"><span style=\"color: #808080;\">SmartLiving requerir\u00e1 los datos del solar y las indicaciones del cliente para poder realizar el estudio y entregar\u00e1 una ficha-propuesta donde se definir\u00e1 la distribuci\u00f3n de la casa prefabricada de hormig\u00f3n y su voumetr\u00eda.<\/span><\/p>\n<\/div><\/div><div class=\"wpb_text_column\"><div class=\"wpb_wrapper\"><h5 style=\"text-align: justify;\"><span style=\"color: #000000;\">Datos del solar requeridas para configurar la propuesta:<\/span><\/h5>\n<\/div><\/div><div class=\"wpb_text_column\"><div class=\"wpb_wrapper\"><p style=\"text-align: justify;\"><span style=\"color: #808080;\">Plano y dimensiones del solar<\/span><br \/>\n<span style=\"color: #808080;\"> Separaci\u00f3n de la zona edificable de los l\u00edmites del solar (seg\u00fan normativa)<\/span><br \/>\n<span style=\"color: #808080;\"> Altura reguladora, n\u00famero m\u00e1ximo de plantas (seg\u00fan normativa)<\/span><br \/>\n<span style=\"color: #808080;\"> Superf\u00edcie m\u00e1xima edificable (seg\u00fan normativa)<\/span><\/p>\n<\/div><\/div><div class=\"wpb_text_column\"><div class=\"wpb_wrapper\"><h5 style=\"text-align: justify;\"><span style=\"color: #000000;\">Indicaciones del cliente requeridas para configurar la propuesta:<\/span><\/h5>\n<\/div><\/div><div class=\"wpb_text_column\"><div class=\"wpb_wrapper\"><p style=\"text-align: justify;\"><span style=\"color: #808080;\">N\u00famero de habitaciones y salas<\/span><br \/>\n<span style=\"color: #808080;\"> N\u00famero de ba\u00f1os<\/span><br \/>\n<span style=\"color: #808080;\"> Cocina, abierta o cerrada<\/span><br \/>\n<span style=\"color: #808080;\"> Comedor y estar, juntos o separados<\/span><\/p>\n<\/div><\/div><div class=\"w-separator size_small\"><\/div><div class=\"w-btn-wrapper align_right\"><a class=\"w-btn us-btn-style_1 us_custom_1802e5f9\" href=\"http:\/\/www.smartliving.cat\/es\/qualities_es\/\"><span class=\"w-btn-label\">CALIDADES<\/span><\/a><\/div><\/div><\/div><\/div><\/div><\/section>","protected":false},"excerpt":{"rendered":"","protected":false},"author":1,"featured_media":0,"parent":0,"menu_order":0,"comment_status":"closed","ping_status":"closed","template":"","meta":{"_acf_changed":false,"footnotes":""},"class_list":["post-6142","page","type-page","status-publish","hentry"],"acf":[],"_links":{"self":[{"href":"https:\/\/www.smartliving.cat\/es\/wp-json\/wp\/v2\/pages\/6142","targetHints":{"allow":["GET"]}}],"collection":[{"href":"https:\/\/www.smartliving.cat\/es\/wp-json\/wp\/v2\/pages"}],"about":[{"href":"https:\/\/www.smartliving.cat\/es\/wp-json\/wp\/v2\/types\/page"}],"author":[{"embeddable":true,"href":"https:\/\/www.smartliving.cat\/es\/wp-json\/wp\/v2\/users\/1"}],"replies":[{"embeddable":true,"href":"https:\/\/www.smartliving.cat\/es\/wp-json\/wp\/v2\/comments?post=6142"}],"version-history":[{"count":22,"href":"https:\/\/www.smartliving.cat\/es\/wp-json\/wp\/v2\/pages\/6142\/revisions"}],"predecessor-version":[{"id":34242,"href":"https:\/\/www.smartliving.cat\/es\/wp-json\/wp\/v2\/pages\/6142\/revisions\/34242"}],"wp:attachment":[{"href":"https:\/\/www.smartliving.cat\/es\/wp-json\/wp\/v2\/media?parent=6142"}],"curies":[{"name":"wp","href":"https:\/\/api.w.org\/{rel}","templated":true}]}}